{"id":480,"date":"2022-10-18T20:05:06","date_gmt":"2022-10-19T03:05:06","guid":{"rendered":"https:\/\/solovteitell.com\/?page_id=480"},"modified":"2022-11-13T12:49:32","modified_gmt":"2022-11-13T20:49:32","slug":"meet-our-attorneys","status":"publish","type":"page","link":"https:\/\/solovteitell.com\/es\/meet-our-attorneys\/","title":{"rendered":"Conozca a nuestros abogados"},"content":{"rendered":"<div data-elementor-type=\"wp-page\" data-elementor-id=\"480\" class=\"elementor elementor-480\">\n\t\t\t\t\t\t<section class=\"elementor-section elementor-top-section elementor-element elementor-element-a2384ae elementor-section-height-min-height wd-section-stretch elementor-section-boxed elementor-section-height-default elementor-section-items-middle\" data-id=\"a2384ae\" data-element_type=\"section\" data-e-type=\"section\" data-settings=\"{&quot;background_background&quot;:&quot;classic&quot;}\">\n\t\t\t\t\t\t\t<div class=\"elementor-background-overlay\"><\/div>\n\t\t\t\t\t\t\t<div class=\"elementor-container elementor-column-gap-default\">\n\t\t\t\t\t<div class=\"elementor-column elementor-col-100 elementor-top-column elementor-element elementor-element-d86a4c0\" data-id=\"d86a4c0\" data-element_type=\"column\" data-e-type=\"column\">\n\t\t\t<div class=\"elementor-widget-wrap elementor-element-populated\">\n\t\t\t\t\t\t<div class=\"elementor-element elementor-element-ddd4a54 elementor-widget elementor-widget-wd_title\" data-id=\"ddd4a54\" data-element_type=\"widget\" data-e-type=\"widget\" data-widget_type=\"wd_title.default\">\n\t\t\t\t<div class=\"elementor-widget-container\">\n\t\t\t\t\t\t\t\t<link rel=\"stylesheet\" id=\"wd-section-title-css\" href=\"https:\/\/solovteitell.com\/wp-content\/themes\/woodmart\/css\/parts\/el-section-title.min.css?ver=7.3.4\" type=\"text\/css\" media=\"all\" \/> \t\t\t\t\t<div class=\"title-wrapper set-mb-s reset-last-child wd-title-color-default wd-title-style-default wd-title-size-default text-center\">\n\n\t\t\t\n\t\t\t<div class=\"liner-continer\">\n\t\t\t\t<h1 class=\"woodmart-title-container title wd-fontsize-l\">Conozca a nuestros abogados<\/h1> \n\t\t\t\t\t\t\t<\/div>\n\n\t\t\t\t\t<\/div>\n\t\t\t\t\t\t<\/div>\n\t\t\t\t<\/div>\n\t\t\t\t<div class=\"elementor-element elementor-element-9f5b5f3 elementor-widget-divider--view-line elementor-widget elementor-widget-divider\" data-id=\"9f5b5f3\" data-element_type=\"widget\" data-e-type=\"widget\" data-widget_type=\"divider.default\">\n\t\t\t\t<div class=\"elementor-widget-container\">\n\t\t\t\t\t\t\t<div class=\"elementor-divider\">\n\t\t\t<span class=\"elementor-divider-separator\">\n\t\t\t\t\t\t<\/span>\n\t\t<\/div>\n\t\t\t\t\t\t<\/div>\n\t\t\t\t<\/div>\n\t\t\t\t\t<\/div>\n\t\t<\/div>\n\t\t\t\t\t<\/div>\n\t\t<\/section>\n\t\t\t\t<section class=\"elementor-section elementor-top-section elementor-element elementor-element-5203b37 elementor-section-boxed elementor-section-height-default elementor-section-height-default wd-section-disabled\" data-id=\"5203b37\" data-element_type=\"section\" data-e-type=\"section\">\n\t\t\t\t\t\t<div class=\"elementor-container elementor-column-gap-default\">\n\t\t\t\t\t<div class=\"elementor-column elementor-col-100 elementor-top-column elementor-element elementor-element-e0fe7d8 inner-pg-left\" data-id=\"e0fe7d8\" data-element_type=\"column\" data-e-type=\"column\">\n\t\t\t<div class=\"elementor-widget-wrap elementor-element-populated\">\n\t\t\t\t\t\t<div class=\"elementor-element elementor-element-8a63727 elementor-widget elementor-widget-wd_title\" data-id=\"8a63727\" data-element_type=\"widget\" data-e-type=\"widget\" data-widget_type=\"wd_title.default\">\n\t\t\t\t<div class=\"elementor-widget-container\">\n\t\t\t\t\t\t\t<div class=\"title-wrapper set-mb-s reset-last-child wd-title-color-default wd-title-style-default wd-title-size-default text-left\">\n\n\t\t\t\n\t\t\t<div class=\"liner-continer\">\n\t\t\t\t<h2 class=\"woodmart-title-container title wd-fontsize-l\">D\u00e9cadas de experiencia para apoyar las necesidades de los clientes<\/h2> \n\t\t\t\t\t\t\t<\/div>\n\n\t\t\t\t\t<\/div>\n\t\t\t\t\t\t<\/div>\n\t\t\t\t<\/div>\n\t\t\t\t<div class=\"elementor-element elementor-element-91300e4 elementor-widget elementor-widget-wd_text_block\" data-id=\"91300e4\" data-element_type=\"widget\" data-e-type=\"widget\" data-widget_type=\"wd_text_block.default\">\n\t\t\t\t<div class=\"elementor-widget-container\">\n\t\t\t\t\t\t\t\t<link rel=\"stylesheet\" id=\"wd-text-block-css\" href=\"https:\/\/solovteitell.com\/wp-content\/themes\/woodmart\/css\/parts\/el-text-block.min.css?ver=7.3.4\" type=\"text\/css\" media=\"all\" \/> \t\t\t\t\t<div class=\"wd-text-block reset-last-child text-left\">\n\t\t\t\n\t\t\t<p><span style=\"font-weight: 400;\">Conozca m\u00e1s sobre el equipo de abogados altamente cualificados que componen Solov &amp; Teitell.<\/span><\/p>\n\t\t\t\t\t<\/div>\n\t\t\t\t\t\t<\/div>\n\t\t\t\t<\/div>\n\t\t\t\t<div class=\"elementor-element elementor-element-a26927d elementor-widget elementor-widget-wd_title\" data-id=\"a26927d\" data-element_type=\"widget\" data-e-type=\"widget\" data-widget_type=\"wd_title.default\">\n\t\t\t\t<div class=\"elementor-widget-container\">\n\t\t\t\t\t\t\t<div class=\"title-wrapper set-mb-s reset-last-child wd-title-color-default wd-title-style-default wd-title-size-default text-left\">\n\n\t\t\t\n\t\t\t<div class=\"liner-continer\">\n\t\t\t\t<h2 class=\"woodmart-title-container title wd-fontsize-l\">Lessing Solov<\/h2> \n\t\t\t\t\t\t\t<\/div>\n\n\t\t\t\t\t<\/div>\n\t\t\t\t\t\t<\/div>\n\t\t\t\t<\/div>\n\t\t\t\t<div class=\"elementor-element elementor-element-468128e elementor-widget elementor-widget-wd_text_block\" data-id=\"468128e\" data-element_type=\"widget\" data-e-type=\"widget\" data-widget_type=\"wd_text_block.default\">\n\t\t\t\t<div class=\"elementor-widget-container\">\n\t\t\t\t\t\t\t<div class=\"wd-text-block reset-last-child text-left\">\n\t\t\t\n\t\t\t<p><span style=\"font-weight: 400;\">El abogado fundador Lessing Solov se gradu\u00f3 en la Universidad de California en Los \u00c1ngeles, tras lo cual se alist\u00f3 en el ej\u00e9rcito. A su regreso del servicio, asisti\u00f3 al Hastings College of Law, y ahora ha estado practicando la ley durante d\u00e9cadas. Despu\u00e9s de fundar el bufete en 1965, el abogado Solov ha manejado innumerables casos civiles y <\/span><span style=\"font-weight: 400;\">casos de indemnizaci\u00f3n de los trabajadores<\/span><span style=\"font-weight: 400;\">.<\/span><\/p>\n\t\t\t\t\t<\/div>\n\t\t\t\t\t\t<\/div>\n\t\t\t\t<\/div>\n\t\t\t\t<div class=\"elementor-element elementor-element-637d4f4 elementor-widget elementor-widget-wd_title\" data-id=\"637d4f4\" data-element_type=\"widget\" data-e-type=\"widget\" data-widget_type=\"wd_title.default\">\n\t\t\t\t<div class=\"elementor-widget-container\">\n\t\t\t\t\t\t\t<div class=\"title-wrapper set-mb-s reset-last-child wd-title-color-default wd-title-style-default wd-title-size-default text-left\">\n\n\t\t\t\n\t\t\t<div class=\"liner-continer\">\n\t\t\t\t<h2 class=\"woodmart-title-container title wd-fontsize-l\">Jamey Teitell<\/h2> \n\t\t\t\t\t\t\t<\/div>\n\n\t\t\t\t\t<\/div>\n\t\t\t\t\t\t<\/div>\n\t\t\t\t<\/div>\n\t\t\t\t<div class=\"elementor-element elementor-element-964a7c8 elementor-widget elementor-widget-wd_text_block\" data-id=\"964a7c8\" data-element_type=\"widget\" data-e-type=\"widget\" data-widget_type=\"wd_text_block.default\">\n\t\t\t\t<div class=\"elementor-widget-container\">\n\t\t\t\t\t\t\t<div class=\"wd-text-block reset-last-child text-left\">\n\t\t\t\n\t\t\t<p><span style=\"font-weight: 400;\">Nacido en California, el abogado Jamey Teitell complet\u00f3 la mayor parte de sus estudios en Nueva York. Asisti\u00f3 a la Universidad del Sur de California, gradu\u00e1ndose en 1984, y luego pas\u00f3 a asistir a la Escuela de Derecho de la Universidad del Oeste de Los \u00c1ngeles. El abogado Teitell est\u00e1 orgulloso de haber estado practicando la ley por m\u00e1s de 20 a\u00f1os. Este h\u00e1bil abogado es conocido en todo el sistema de la Corte de Compensaci\u00f3n de Trabajadores del Sur de California como un celoso defensor de sus clientes, y tiene un amplio historial de \u00e9xito.<\/span><\/p>\n\t\t\t\t\t<\/div>\n\t\t\t\t\t\t<\/div>\n\t\t\t\t<\/div>\n\t\t\t\t\t<\/div>\n\t\t<\/div>\n\t\t\t\t\t<\/div>\n\t\t<\/section>\n\t\t\t\t<\/div>","protected":false},"excerpt":{"rendered":"<p>Meet Our Attorneys Decades of Experience to Support Clients\u2019 Needs Learn more about the highly skilled team of lawyers that<\/p>","protected":false},"author":226671697,"featured_media":0,"parent":0,"menu_order":0,"comment_status":"closed","ping_status":"closed","template":"","meta":{"content-type":"","advanced_seo_description":"","jetpack_seo_html_title":"","jetpack_seo_noindex":false,"footnotes":""},"class_list":["post-480","page","type-page","status-publish","hentry"],"jetpack_shortlink":"https:\/\/wp.me\/PeiaZy-7K","jetpack-related-posts":[{"id":385,"url":"https:\/\/solovteitell.com\/es\/about-the-firm\/","url_meta":{"origin":480,"position":0},"title":"Acerca de la empresa","author":"Solov &amp; Teitell","date":"octubre 10, 2022","format":false,"excerpt":"About The Firm For more than 50 years, the attorneys at Solov & Teitell have been devoted to personal injury, workers\u2019 compensation, and employment cases. Our lawyers are committed to listening to our clients\u2019 needs, developing a strategy that meets our clients\u2019 goals, and using our experience and knowledge to\u2026","rel":"","context":"Entrada similar","block_context":{"text":"Entrada similar","link":""},"img":{"alt_text":"","src":"","width":0,"height":0},"classes":[]},{"id":486,"url":"https:\/\/solovteitell.com\/es\/results\/","url_meta":{"origin":480,"position":1},"title":"Resultados","author":"Solov &amp; Teitell","date":"octubre 18, 2022","format":false,"excerpt":"Results $3,500,000 Roofer fell and suffered a traumatic brain injury resulting in being put in a facility for a year to rehabilitate. $1,800,000 Injuries sustained by the client resulted in 12-hour a day home care. A $1,800,000 settlement was reached. $850,000 Client had a failed back syndrome and two failed\u2026","rel":"","context":"Entrada similar","block_context":{"text":"Entrada similar","link":""},"img":{"alt_text":"","src":"","width":0,"height":0},"classes":[]},{"id":297,"url":"https:\/\/solovteitell.com\/es\/workers-compensation\/brain-injuries\/","url_meta":{"origin":480,"position":2},"title":"Los Angeles Brain Injuries Attorneys | Work Brain Injury","author":"Solov &amp; Teitell","date":"octubre 10, 2022","format":false,"excerpt":"Brain Injuries Los Angeles Brain Injury Attorneys Put 50+ Years of Experience on Your Side Each state has a set of rules in place to protect employees if they sustain injury or illness while on the job. This is referred to as workers\u2019 compensation and is a complex area of\u2026","rel":"","context":"Entrada similar","block_context":{"text":"Entrada similar","link":""},"img":{"alt_text":"","src":"","width":0,"height":0},"classes":[]},{"id":303,"url":"https:\/\/solovteitell.com\/es\/workers-compensation\/construction-accidents\/","url_meta":{"origin":480,"position":3},"title":"Los Angeles Construction Accident Attorneys | Construction Injury Lawyer in LA","author":"Solov &amp; Teitell","date":"octubre 10, 2022","format":false,"excerpt":"Construction Accidents Los Angeles Construction Accident Attorneys More than Five Decades of Workers\u2019 Comp Experience Each state has a set of rules in place to protect employees if they sustain injury or illness while on the job. This is referred to as workers\u2019 compensation and is a complex area of\u2026","rel":"","context":"Entrada similar","block_context":{"text":"Entrada similar","link":""},"img":{"alt_text":"","src":"","width":0,"height":0},"classes":[]},{"id":325,"url":"https:\/\/solovteitell.com\/es\/workers-compensation\/manufacturing-accidents\/","url_meta":{"origin":480,"position":4},"title":"Los Angeles Manufacturing Accidents Lawyers | Manufacturing Accidents Attorneys","author":"Solov &amp; Teitell","date":"octubre 10, 2022","format":false,"excerpt":"Manufacturing Accidents Los Angeles Manufacturing Accidents Attorneys Large-Firm Resources for Injury Victims Each state has a set of rules in place to protect employees if they sustain injury or illness while on the job. This is referred to as workers\u2019 compensation and is a complex area of law that takes\u2026","rel":"","context":"Entrada similar","block_context":{"text":"Entrada similar","link":""},"img":{"alt_text":"","src":"","width":0,"height":0},"classes":[]},{"id":339,"url":"https:\/\/solovteitell.com\/es\/workers-compensation\/third-party-claims\/","url_meta":{"origin":480,"position":5},"title":"Los Angeles Third-Party Claims Attorneys | Third-Party Claims Lawyer LA","author":"Solov &amp; Teitell","date":"octubre 10, 2022","format":false,"excerpt":"Third Party Claims Los Angeles Third-Party Claims Lawyers Injured at Work Due to a Third Party\u2019s Negligence? Each state has a set of rules in place to protect employees if they sustain injury or illness while on the job. This is referred to as workers\u2019 compensation and is a complex\u2026","rel":"","context":"Entrada similar","block_context":{"text":"Entrada similar","link":""},"img":{"alt_text":"","src":"","width":0,"height":0},"classes":[]}],"jetpack_sharing_enabled":true,"_links":{"self":[{"href":"https:\/\/solovteitell.com\/es\/wp-json\/wp\/v2\/pages\/480","targetHints":{"allow":["GET"]}}],"collection":[{"href":"https:\/\/solovteitell.com\/es\/wp-json\/wp\/v2\/pages"}],"about":[{"href":"https:\/\/solovteitell.com\/es\/wp-json\/wp\/v2\/types\/page"}],"author":[{"embeddable":true,"href":"https:\/\/solovteitell.com\/es\/wp-json\/wp\/v2\/users\/226671697"}],"replies":[{"embeddable":true,"href":"https:\/\/solovteitell.com\/es\/wp-json\/wp\/v2\/comments?post=480"}],"version-history":[{"count":10,"href":"https:\/\/solovteitell.com\/es\/wp-json\/wp\/v2\/pages\/480\/revisions"}],"predecessor-version":[{"id":844,"href":"https:\/\/solovteitell.com\/es\/wp-json\/wp\/v2\/pages\/480\/revisions\/844"}],"wp:attachment":[{"href":"https:\/\/solovteitell.com\/es\/wp-json\/wp\/v2\/media?parent=480"}],"curies":[{"name":"wp","href":"https:\/\/api.w.org\/{rel}","templated":true}]}}