{"id":376,"date":"2022-10-10T16:27:07","date_gmt":"2022-10-10T23:27:07","guid":{"rendered":"https:\/\/solovteitell.com\/?page_id=376"},"modified":"2022-11-10T05:47:59","modified_gmt":"2022-11-10T13:47:59","slug":"personal-injury","status":"publish","type":"page","link":"https:\/\/solovteitell.com\/es\/personal-injury\/","title":{"rendered":"Los Angeles Personal Injury Lawyers | Free Initial Consultation"},"content":{"rendered":"<div data-elementor-type=\"wp-page\" data-elementor-id=\"376\" class=\"elementor elementor-376\">\n\t\t\t\t\t\t<section class=\"elementor-section elementor-top-section elementor-element elementor-element-e1ff922 elementor-section-height-min-height wd-section-stretch elementor-section-boxed elementor-section-height-default elementor-section-items-middle\" data-id=\"e1ff922\" data-element_type=\"section\" data-e-type=\"section\" data-settings=\"{&quot;background_background&quot;:&quot;classic&quot;}\">\n\t\t\t\t\t\t\t<div class=\"elementor-background-overlay\"><\/div>\n\t\t\t\t\t\t\t<div class=\"elementor-container elementor-column-gap-default\">\n\t\t\t\t\t<div class=\"elementor-column elementor-col-100 elementor-top-column elementor-element elementor-element-1021f76\" data-id=\"1021f76\" data-element_type=\"column\" data-e-type=\"column\">\n\t\t\t<div class=\"elementor-widget-wrap elementor-element-populated\">\n\t\t\t\t\t\t<div class=\"elementor-element elementor-element-ccee587 elementor-widget elementor-widget-wd_title\" data-id=\"ccee587\" data-element_type=\"widget\" data-e-type=\"widget\" data-widget_type=\"wd_title.default\">\n\t\t\t\t<div class=\"elementor-widget-container\">\n\t\t\t\t\t\t\t\t<link rel=\"stylesheet\" id=\"wd-section-title-css\" href=\"https:\/\/solovteitell.com\/wp-content\/themes\/woodmart\/css\/parts\/el-section-title.min.css?ver=7.3.4\" type=\"text\/css\" media=\"all\" \/> \t\t\t\t\t<div class=\"title-wrapper set-mb-s reset-last-child wd-title-color-default wd-title-style-default wd-title-size-default text-center\">\n\n\t\t\t\n\t\t\t<div class=\"liner-continer\">\n\t\t\t\t<h1 class=\"woodmart-title-container title wd-fontsize-l\">Da\u00f1os personales<\/h1> \n\t\t\t\t\t\t\t<\/div>\n\n\t\t\t\t\t<\/div>\n\t\t\t\t\t\t<\/div>\n\t\t\t\t<\/div>\n\t\t\t\t<div class=\"elementor-element elementor-element-49a72f2 elementor-widget-divider--view-line elementor-widget elementor-widget-divider\" data-id=\"49a72f2\" data-element_type=\"widget\" data-e-type=\"widget\" data-widget_type=\"divider.default\">\n\t\t\t\t<div class=\"elementor-widget-container\">\n\t\t\t\t\t\t\t<div class=\"elementor-divider\">\n\t\t\t<span class=\"elementor-divider-separator\">\n\t\t\t\t\t\t<\/span>\n\t\t<\/div>\n\t\t\t\t\t\t<\/div>\n\t\t\t\t<\/div>\n\t\t\t\t\t<\/div>\n\t\t<\/div>\n\t\t\t\t\t<\/div>\n\t\t<\/section>\n\t\t\t\t<section class=\"elementor-section elementor-top-section elementor-element elementor-element-426ae13 elementor-section-boxed elementor-section-height-default elementor-section-height-default wd-section-disabled\" data-id=\"426ae13\" data-element_type=\"section\" data-e-type=\"section\">\n\t\t\t\t\t\t<div class=\"elementor-container elementor-column-gap-default\">\n\t\t\t\t\t<div class=\"elementor-column elementor-col-100 elementor-top-column elementor-element elementor-element-2dfa13f inner-pg-left\" data-id=\"2dfa13f\" data-element_type=\"column\" data-e-type=\"column\">\n\t\t\t<div class=\"elementor-widget-wrap elementor-element-populated\">\n\t\t\t\t\t\t<div class=\"elementor-element elementor-element-225ebc9 elementor-widget elementor-widget-wd_title\" data-id=\"225ebc9\" data-element_type=\"widget\" data-e-type=\"widget\" data-widget_type=\"wd_title.default\">\n\t\t\t\t<div class=\"elementor-widget-container\">\n\t\t\t\t\t\t\t<div class=\"title-wrapper set-mb-s reset-last-child wd-title-color-default wd-title-style-default wd-title-size-default text-left\">\n\n\t\t\t\n\t\t\t<div class=\"liner-continer\">\n\t\t\t\t<h2 class=\"woodmart-title-container title wd-fontsize-l\">Abogados de lesiones personales en Los \u00c1ngeles<\/h2> \n\t\t\t\t\t\t\t<\/div>\n\n\t\t\t\t\t\t\t<div class=\"title-after_title set-cont-mb-s reset-last-child wd-fontsize-xs\">\n\t\t\t\t\tOfreciendo una representaci\u00f3n legal minuciosa para proteger sus derechos\t\t\t\t<\/div>\n\t\t\t\t\t<\/div>\n\t\t\t\t\t\t<\/div>\n\t\t\t\t<\/div>\n\t\t\t\t<div class=\"elementor-element elementor-element-7d02f0e elementor-widget-divider--view-line elementor-widget elementor-widget-divider\" data-id=\"7d02f0e\" data-element_type=\"widget\" data-e-type=\"widget\" data-widget_type=\"divider.default\">\n\t\t\t\t<div class=\"elementor-widget-container\">\n\t\t\t\t\t\t\t<div class=\"elementor-divider\">\n\t\t\t<span class=\"elementor-divider-separator\">\n\t\t\t\t\t\t<\/span>\n\t\t<\/div>\n\t\t\t\t\t\t<\/div>\n\t\t\t\t<\/div>\n\t\t\t\t<div class=\"elementor-element elementor-element-a799eff elementor-widget elementor-widget-wd_text_block\" data-id=\"a799eff\" data-element_type=\"widget\" data-e-type=\"widget\" data-widget_type=\"wd_text_block.default\">\n\t\t\t\t<div class=\"elementor-widget-container\">\n\t\t\t\t\t\t\t\t<link rel=\"stylesheet\" id=\"wd-text-block-css\" href=\"https:\/\/solovteitell.com\/wp-content\/themes\/woodmart\/css\/parts\/el-text-block.min.css?ver=7.3.4\" type=\"text\/css\" media=\"all\" \/> \t\t\t\t\t<div class=\"wd-text-block reset-last-child text-left\">\n\t\t\t\n\t\t\t<p>Si usted o un ser querido sufre una lesi\u00f3n en un accidente de cualquier tipo, es importante actuar con rapidez para asegurar que sus necesidades ser\u00e1n atendidas mientras se recupera. En Solov y Teitell, nuestro equipo de abogados con experiencia en lesiones personales en Los \u00c1ngeles est\u00e1 preparado para trabajar con usted y ayudarle a luchar por la m\u00e1xima compensaci\u00f3n en su caso. Esta compensaci\u00f3n se puede utilizar para sufragar los costos de cosas como los salarios perdidos, las facturas m\u00e9dicas, la rehabilitaci\u00f3n y la p\u00e9rdida de ingresos futuros debido a la lesi\u00f3n.<\/p>\n\t\t\t\t\t<\/div>\n\t\t\t\t\t\t<\/div>\n\t\t\t\t<\/div>\n\t\t\t\t<div class=\"elementor-element elementor-element-3cb847c elementor-widget elementor-widget-wd_text_block\" data-id=\"3cb847c\" data-element_type=\"widget\" data-e-type=\"widget\" data-widget_type=\"wd_text_block.default\">\n\t\t\t\t<div class=\"elementor-widget-container\">\n\t\t\t\t\t\t\t<div class=\"wd-text-block reset-last-child text-left\">\n\t\t\t\n\t\t\tSi su caso es sencillo o complejo, podemos ayudar a defender sus derechos. Ll\u00e1menos al (213) 380-9310 hoy para programar su consulta inicial gratuita.\n\t\t\t\t\t<\/div>\n\t\t\t\t\t\t<\/div>\n\t\t\t\t<\/div>\n\t\t\t\t<div class=\"elementor-element elementor-element-b5a17c5 elementor-widget elementor-widget-wd_title\" data-id=\"b5a17c5\" data-element_type=\"widget\" data-e-type=\"widget\" data-widget_type=\"wd_title.default\">\n\t\t\t\t<div class=\"elementor-widget-container\">\n\t\t\t\t\t\t\t<div class=\"title-wrapper set-mb-s reset-last-child wd-title-color-default wd-title-style-default wd-title-size-default text-left\">\n\n\t\t\t\n\t\t\t<div class=\"liner-continer\">\n\t\t\t\t<h2 class=\"woodmart-title-container title wd-fontsize-l\">\u00bfQu\u00e9 son los da\u00f1os personales?<\/h2> \n\t\t\t\t\t\t\t<\/div>\n\n\t\t\t\t\t<\/div>\n\t\t\t\t\t\t<\/div>\n\t\t\t\t<\/div>\n\t\t\t\t<div class=\"elementor-element elementor-element-e775f0d elementor-widget elementor-widget-wd_text_block\" data-id=\"e775f0d\" data-element_type=\"widget\" data-e-type=\"widget\" data-widget_type=\"wd_text_block.default\">\n\t\t\t\t<div class=\"elementor-widget-container\">\n\t\t\t\t\t\t\t<div class=\"wd-text-block reset-last-child text-left\">\n\t\t\t\n\t\t\tUna persona puede tener una reclamaci\u00f3n leg\u00edtima por da\u00f1os personales si sufre lesiones f\u00edsicas, mentales o emocionales debido a la imprudencia o negligencia de otra parte.\n\t\t\t\t\t<\/div>\n\t\t\t\t\t\t<\/div>\n\t\t\t\t<\/div>\n\t\t\t\t<div class=\"elementor-element elementor-element-f569794 elementor-widget elementor-widget-wd_text_block\" data-id=\"f569794\" data-element_type=\"widget\" data-e-type=\"widget\" data-widget_type=\"wd_text_block.default\">\n\t\t\t\t<div class=\"elementor-widget-container\">\n\t\t\t\t\t\t\t<div class=\"wd-text-block reset-last-child text-left\">\n\t\t\t\n\t\t\tNuestra firma puede manejar una amplia variedad de casos de lesiones personales, incluyendo aquellos que involucran:\n\t\t\t\t\t<\/div>\n\t\t\t\t\t\t<\/div>\n\t\t\t\t<\/div>\n\t\t\t\t<div class=\"elementor-element elementor-element-791094d elementor-icon-list--layout-traditional elementor-list-item-link-full_width elementor-widget elementor-widget-icon-list\" data-id=\"791094d\" data-element_type=\"widget\" data-e-type=\"widget\" data-widget_type=\"icon-list.default\">\n\t\t\t\t<div class=\"elementor-widget-container\">\n\t\t\t\t\t\t\t<ul class=\"elementor-icon-list-items\">\n\t\t\t\t\t\t\t<li class=\"elementor-icon-list-item\">\n\t\t\t\t\t\t\t\t\t\t\t<span class=\"elementor-icon-list-icon\">\n\t\t\t\t\t\t\t<i aria-hidden=\"true\" class=\"fas fa-chevron-circle-right\"><\/i>\t\t\t\t\t\t<\/span>\n\t\t\t\t\t\t\t\t\t\t<span class=\"elementor-icon-list-text\">Accidentes de tr\u00e1fico<\/span>\n\t\t\t\t\t\t\t\t\t<\/li>\n\t\t\t\t\t\t\t\t<li class=\"elementor-icon-list-item\">\n\t\t\t\t\t\t\t\t\t\t\t<span class=\"elementor-icon-list-icon\">\n\t\t\t\t\t\t\t<i aria-hidden=\"true\" class=\"fas fa-chevron-circle-right\"><\/i>\t\t\t\t\t\t<\/span>\n\t\t\t\t\t\t\t\t\t\t<span class=\"elementor-icon-list-text\">Accidentes de bicicleta<\/span>\n\t\t\t\t\t\t\t\t\t<\/li>\n\t\t\t\t\t\t\t\t<li class=\"elementor-icon-list-item\">\n\t\t\t\t\t\t\t\t\t\t\t<span class=\"elementor-icon-list-icon\">\n\t\t\t\t\t\t\t<i aria-hidden=\"true\" class=\"fas fa-chevron-circle-right\"><\/i>\t\t\t\t\t\t<\/span>\n\t\t\t\t\t\t\t\t\t\t<span class=\"elementor-icon-list-text\">Accidentes de camiones<\/span>\n\t\t\t\t\t\t\t\t\t<\/li>\n\t\t\t\t\t\t\t\t<li class=\"elementor-icon-list-item\">\n\t\t\t\t\t\t\t\t\t\t\t<span class=\"elementor-icon-list-icon\">\n\t\t\t\t\t\t\t<i aria-hidden=\"true\" class=\"fas fa-chevron-circle-right\"><\/i>\t\t\t\t\t\t<\/span>\n\t\t\t\t\t\t\t\t\t\t<span class=\"elementor-icon-list-text\">Accidentes de peatones<\/span>\n\t\t\t\t\t\t\t\t\t<\/li>\n\t\t\t\t\t\t\t\t<li class=\"elementor-icon-list-item\">\n\t\t\t\t\t\t\t\t\t\t\t<span class=\"elementor-icon-list-icon\">\n\t\t\t\t\t\t\t<i aria-hidden=\"true\" class=\"fas fa-chevron-circle-right\"><\/i>\t\t\t\t\t\t<\/span>\n\t\t\t\t\t\t\t\t\t\t<span class=\"elementor-icon-list-text\">Productos defectuosos<\/span>\n\t\t\t\t\t\t\t\t\t<\/li>\n\t\t\t\t\t\t\t\t<li class=\"elementor-icon-list-item\">\n\t\t\t\t\t\t\t\t\t\t\t<span class=\"elementor-icon-list-icon\">\n\t\t\t\t\t\t\t<i aria-hidden=\"true\" class=\"fas fa-chevron-circle-right\"><\/i>\t\t\t\t\t\t<\/span>\n\t\t\t\t\t\t\t\t\t\t<span class=\"elementor-icon-list-text\">Negligencia m\u00e9dica<\/span>\n\t\t\t\t\t\t\t\t\t<\/li>\n\t\t\t\t\t\t\t\t<li class=\"elementor-icon-list-item\">\n\t\t\t\t\t\t\t\t\t\t\t<span class=\"elementor-icon-list-icon\">\n\t\t\t\t\t\t\t<i aria-hidden=\"true\" class=\"fas fa-chevron-circle-right\"><\/i>\t\t\t\t\t\t<\/span>\n\t\t\t\t\t\t\t\t\t\t<span class=\"elementor-icon-list-text\">Responsabilidad civil de los locales<\/span>\n\t\t\t\t\t\t\t\t\t<\/li>\n\t\t\t\t\t\t<\/ul>\n\t\t\t\t\t\t<\/div>\n\t\t\t\t<\/div>\n\t\t\t\t<div class=\"elementor-element elementor-element-9f88e1e elementor-widget elementor-widget-wd_text_block\" data-id=\"9f88e1e\" data-element_type=\"widget\" data-e-type=\"widget\" data-widget_type=\"wd_text_block.default\">\n\t\t\t\t<div class=\"elementor-widget-container\">\n\t\t\t\t\t\t\t<div class=\"wd-text-block reset-last-child text-left\">\n\t\t\t\n\t\t\tLos accidentes en estos casos pueden resultar en lesiones dolorosas y duraderas o incluso la muerte. Cuando usted act\u00faa con decisi\u00f3n y selecciona a nuestro bufete para que le ayude a llevar su caso, puede dormir m\u00e1s tranquilo sabiendo que est\u00e1 respaldado por d\u00e9cadas de experiencia legal.\n\t\t\t\t\t<\/div>\n\t\t\t\t\t\t<\/div>\n\t\t\t\t<\/div>\n\t\t\t\t<div class=\"elementor-element elementor-element-176a5f3 elementor-widget elementor-widget-wd_title\" data-id=\"176a5f3\" data-element_type=\"widget\" data-e-type=\"widget\" data-widget_type=\"wd_title.default\">\n\t\t\t\t<div class=\"elementor-widget-container\">\n\t\t\t\t\t\t\t<div class=\"title-wrapper set-mb-s reset-last-child wd-title-color-default wd-title-style-default wd-title-size-default text-left\">\n\n\t\t\t\n\t\t\t<div class=\"liner-continer\">\n\t\t\t\t<h2 class=\"woodmart-title-container title wd-fontsize-l\">Un historial de \u00e9xitos<br \/>\n<\/h2> \n\t\t\t\t\t\t\t<\/div>\n\n\t\t\t\t\t<\/div>\n\t\t\t\t\t\t<\/div>\n\t\t\t\t<\/div>\n\t\t\t\t<div class=\"elementor-element elementor-element-99e7836 elementor-widget elementor-widget-wd_text_block\" data-id=\"99e7836\" data-element_type=\"widget\" data-e-type=\"widget\" data-widget_type=\"wd_text_block.default\">\n\t\t\t\t<div class=\"elementor-widget-container\">\n\t\t\t\t\t\t\t<div class=\"wd-text-block reset-last-child text-left\">\n\t\t\t\n\t\t\t<p>En Solov y Teitell, usted encontrar\u00e1 un equipo de empleados dedicados que tienen una amplia experiencia en los muchos aspectos de la ley de lesiones. Nuestra firma tiene los recursos necesarios para ofrecer estrategias legales individualizadas adaptadas a sus necesidades y circunstancias \u00fanicas - incluyendo servicios ofrecidos en espa\u00f1ol, coreano y portugu\u00e9s, adem\u00e1s de ingl\u00e9s.<\/p>\n\t\t\t\t\t<\/div>\n\t\t\t\t\t\t<\/div>\n\t\t\t\t<\/div>\n\t\t\t\t\t<\/div>\n\t\t<\/div>\n\t\t\t\t\t<\/div>\n\t\t<\/section>\n\t\t\t\t<\/div>","protected":false},"excerpt":{"rendered":"<p>Personal Injury Personal Injury Attorneys in Los Angeles Offering Thorough Legal Representation to Protect Your Rights If you or someone<\/p>","protected":false},"author":226671697,"featured_media":0,"parent":0,"menu_order":0,"comment_status":"closed","ping_status":"closed","template":"","meta":{"content-type":"","advanced_seo_description":"","jetpack_seo_html_title":"","jetpack_seo_noindex":false,"footnotes":""},"class_list":["post-376","page","type-page","status-publish","hentry"],"jetpack_shortlink":"https:\/\/wp.me\/PeiaZy-64","jetpack-related-posts":[{"id":486,"url":"https:\/\/solovteitell.com\/es\/results\/","url_meta":{"origin":376,"position":0},"title":"Resultados","author":"Solov &amp; Teitell","date":"octubre 18, 2022","format":false,"excerpt":"Results $3,500,000 Roofer fell and suffered a traumatic brain injury resulting in being put in a facility for a year to rehabilitate. $1,800,000 Injuries sustained by the client resulted in 12-hour a day home care. A $1,800,000 settlement was reached. $850,000 Client had a failed back syndrome and two failed\u2026","rel":"","context":"Entrada similar","block_context":{"text":"Entrada similar","link":""},"img":{"alt_text":"","src":"","width":0,"height":0},"classes":[]},{"id":385,"url":"https:\/\/solovteitell.com\/es\/about-the-firm\/","url_meta":{"origin":376,"position":1},"title":"Acerca de la empresa","author":"Solov &amp; Teitell","date":"octubre 10, 2022","format":false,"excerpt":"About The Firm For more than 50 years, the attorneys at Solov & Teitell have been devoted to personal injury, workers\u2019 compensation, and employment cases. Our lawyers are committed to listening to our clients\u2019 needs, developing a strategy that meets our clients\u2019 goals, and using our experience and knowledge to\u2026","rel":"","context":"Entrada similar","block_context":{"text":"Entrada similar","link":""},"img":{"alt_text":"","src":"","width":0,"height":0},"classes":[]},{"id":297,"url":"https:\/\/solovteitell.com\/es\/workers-compensation\/brain-injuries\/","url_meta":{"origin":376,"position":2},"title":"Los Angeles Brain Injuries Attorneys | Work Brain Injury","author":"Solov &amp; Teitell","date":"octubre 10, 2022","format":false,"excerpt":"Brain Injuries Los Angeles Brain Injury Attorneys Put 50+ Years of Experience on Your Side Each state has a set of rules in place to protect employees if they sustain injury or illness while on the job. This is referred to as workers\u2019 compensation and is a complex area of\u2026","rel":"","context":"Entrada similar","block_context":{"text":"Entrada similar","link":""},"img":{"alt_text":"","src":"","width":0,"height":0},"classes":[]},{"id":354,"url":"https:\/\/solovteitell.com\/es\/workplace-injuries\/","url_meta":{"origin":376,"position":3},"title":"Los Angeles Workplace Injury Lawyers |Common Workplace Injuries","author":"Solov &amp; Teitell","date":"octubre 10, 2022","format":false,"excerpt":"Workplace Injuries Los Angeles Workplace Injury Lawyers Results-Driven Workers\u2019 Compensation Firm Each state has a set of rules in place to protect employees if they sustain injury or illness while on the job. This is referred to as workers\u2019 compensation and is a complex area of law that takes a\u2026","rel":"","context":"Entrada similar","block_context":{"text":"Entrada similar","link":""},"img":{"alt_text":"","src":"","width":0,"height":0},"classes":[]},{"id":399,"url":"https:\/\/solovteitell.com\/es\/common-questions\/","url_meta":{"origin":376,"position":4},"title":"Workers\u2019 Compensation FAQ | LA Workers&#8217; Comp Attorneys","author":"Solov &amp; Teitell","date":"octubre 10, 2022","format":false,"excerpt":"Common Questions Common Questions Los Angeles Attorneys Answer Workers' Comp FAQ At Solov and Teitell, we have been fighting for our clients\u2019 rights since 1965. Our experience in this field is extensive, and we know that you are likely to have many questions as you embark on this journey. Read\u2026","rel":"","context":"Entrada similar","block_context":{"text":"Entrada similar","link":""},"img":{"alt_text":"","src":"","width":0,"height":0},"classes":[]},{"id":303,"url":"https:\/\/solovteitell.com\/es\/workers-compensation\/construction-accidents\/","url_meta":{"origin":376,"position":5},"title":"Los Angeles Construction Accident Attorneys | Construction Injury Lawyer in LA","author":"Solov &amp; Teitell","date":"octubre 10, 2022","format":false,"excerpt":"Construction Accidents Los Angeles Construction Accident Attorneys More than Five Decades of Workers\u2019 Comp Experience Each state has a set of rules in place to protect employees if they sustain injury or illness while on the job. This is referred to as workers\u2019 compensation and is a complex area of\u2026","rel":"","context":"Entrada similar","block_context":{"text":"Entrada similar","link":""},"img":{"alt_text":"","src":"","width":0,"height":0},"classes":[]}],"jetpack_sharing_enabled":true,"_links":{"self":[{"href":"https:\/\/solovteitell.com\/es\/wp-json\/wp\/v2\/pages\/376","targetHints":{"allow":["GET"]}}],"collection":[{"href":"https:\/\/solovteitell.com\/es\/wp-json\/wp\/v2\/pages"}],"about":[{"href":"https:\/\/solovteitell.com\/es\/wp-json\/wp\/v2\/types\/page"}],"author":[{"embeddable":true,"href":"https:\/\/solovteitell.com\/es\/wp-json\/wp\/v2\/users\/226671697"}],"replies":[{"embeddable":true,"href":"https:\/\/solovteitell.com\/es\/wp-json\/wp\/v2\/comments?post=376"}],"version-history":[{"count":13,"href":"https:\/\/solovteitell.com\/es\/wp-json\/wp\/v2\/pages\/376\/revisions"}],"predecessor-version":[{"id":791,"href":"https:\/\/solovteitell.com\/es\/wp-json\/wp\/v2\/pages\/376\/revisions\/791"}],"wp:attachment":[{"href":"https:\/\/solovteitell.com\/es\/wp-json\/wp\/v2\/media?parent=376"}],"curies":[{"name":"wp","href":"https:\/\/api.w.org\/{rel}","templated":true}]}}